{"id":13064,"date":"2022-11-19T15:44:46","date_gmt":"2022-11-19T15:44:46","guid":{"rendered":"https:\/\/zythos.es\/company\/"},"modified":"2025-05-11T15:31:48","modified_gmt":"2025-05-11T15:31:48","slug":"company","status":"publish","type":"page","link":"https:\/\/zythos.es\/de\/company\/","title":{"rendered":"\u00dcber Zythos Business"},"content":{"rendered":"\t\t<div data-elementor-type=\"wp-page\" data-elementor-id=\"13064\" class=\"elementor elementor-13064 elementor-10008\">\n\t\t\t\t\t\t<section class=\"elementor-section elementor-top-section elementor-element elementor-element-e2af816 elementor-section-boxed elementor-section-height-default elementor-section-height-default\" data-id=\"e2af816\" data-element_type=\"section\">\n\t\t\t\t\t\t<div class=\"elementor-container elementor-column-gap-wider\">\n\t\t\t\t\t<div class=\"elementor-column elementor-col-50 elementor-top-column elementor-element elementor-element-6eeb503\" data-id=\"6eeb503\" data-element_type=\"column\">\n\t\t\t<div class=\"elementor-widget-wrap elementor-element-populated\">\n\t\t\t\t\t\t<div class=\"elementor-element elementor-element-445a975 elementor-widget elementor-widget-image\" data-id=\"445a975\" data-element_type=\"widget\" data-widget_type=\"image.default\">\n\t\t\t\t<div class=\"elementor-widget-container\">\n\t\t\t\t\t\t\t\t\t\t\t\t\t\t\t<img decoding=\"async\" src=\"https:\/\/zythos.es\/wp-content\/uploads\/elementor\/thumbs\/el-c-011-r5b75zptzhsvx4mt21dr5hqz74tln0rkiqgpxk9i5k.jpg\" title=\"el-c-011\" alt=\"el-c-011\" loading=\"lazy\" \/>\t\t\t\t\t\t\t\t\t\t\t\t\t\t\t<\/div>\n\t\t\t\t<\/div>\n\t\t\t\t<div class=\"elementor-element elementor-element-2375261 elementor-widget elementor-widget-image\" data-id=\"2375261\" data-element_type=\"widget\" data-widget_type=\"image.default\">\n\t\t\t\t<div class=\"elementor-widget-container\">\n\t\t\t\t\t\t\t\t\t\t\t\t\t\t\t<img decoding=\"async\" src=\"https:\/\/zythos.es\/wp-content\/uploads\/elementor\/thumbs\/zyhos_logo-recortada-reaxgye2o9abye49zpuu6hvewsg4l6j2ydpk09dfxc.png\" title=\"zyhos_logo recortada\" alt=\"Zythos Business\" loading=\"lazy\" \/>\t\t\t\t\t\t\t\t\t\t\t\t\t\t\t<\/div>\n\t\t\t\t<\/div>\n\t\t\t\t\t<\/div>\n\t\t<\/div>\n\t\t\t\t<div class=\"elementor-column elementor-col-50 elementor-top-column elementor-element elementor-element-c2e4edf\" data-id=\"c2e4edf\" data-element_type=\"column\">\n\t\t\t<div class=\"elementor-widget-wrap elementor-element-populated\">\n\t\t\t\t\t\t<div class=\"elementor-element elementor-element-8efc854 elementor-widget elementor-widget-heading\" data-id=\"8efc854\" data-element_type=\"widget\" data-widget_type=\"heading.default\">\n\t\t\t\t<div class=\"elementor-widget-container\">\n\t\t\t\t\t<h4 class=\"elementor-heading-title elementor-size-default\">\u00dcber Zythos Business<\/h4>\t\t\t\t<\/div>\n\t\t\t\t<\/div>\n\t\t\t\t<div class=\"elementor-element elementor-element-3f5b92b elementor-widget elementor-widget-spacer\" data-id=\"3f5b92b\" data-element_type=\"widget\" data-widget_type=\"spacer.default\">\n\t\t\t\t<div class=\"elementor-widget-container\">\n\t\t\t\t\t\t\t<div class=\"elementor-spacer\">\n\t\t\t<div class=\"elementor-spacer-inner\"><\/div>\n\t\t<\/div>\n\t\t\t\t\t\t<\/div>\n\t\t\t\t<\/div>\n\t\t\t\t<div class=\"elementor-element elementor-element-9fabf67 elementor-widget elementor-widget-heading\" data-id=\"9fabf67\" data-element_type=\"widget\" data-widget_type=\"heading.default\">\n\t\t\t\t<div class=\"elementor-widget-container\">\n\t\t\t\t\t<h4 class=\"elementor-heading-title elementor-size-default\">Zythos Business<\/h4>\t\t\t\t<\/div>\n\t\t\t\t<\/div>\n\t\t\t\t<div class=\"elementor-element elementor-element-00da832 elementor-widget elementor-widget-spacer\" data-id=\"00da832\" data-element_type=\"widget\" data-widget_type=\"spacer.default\">\n\t\t\t\t<div class=\"elementor-widget-container\">\n\t\t\t\t\t\t\t<div class=\"elementor-spacer\">\n\t\t\t<div class=\"elementor-spacer-inner\"><\/div>\n\t\t<\/div>\n\t\t\t\t\t\t<\/div>\n\t\t\t\t<\/div>\n\t\t\t\t<div class=\"elementor-element elementor-element-cd240aa elementor-widget elementor-widget-text-editor\" data-id=\"cd240aa\" data-element_type=\"widget\" data-widget_type=\"text-editor.default\">\n\t\t\t\t<div class=\"elementor-widget-container\">\n\t\t\t\t\t\t\t\t\t<p data-sourcepos=\"7:1-7:128\">Zythos Business Unternehmensgruppe, zugeh\u00f6rig zu einer Gruppe von Unternehmen, die sich ausschlie\u00dflich der Gesch\u00e4ftswelt widmen.<\/p><p data-sourcepos=\"9:1-9:420\">Als UMFASSENDE BERATUNG ist unsere Aufgabe die F\u00fchrung, Planung und Betreuung des Unternehmens von seiner Gr\u00fcndung an, um eine rechtliche und kaufm\u00e4nnische Struktur gegen\u00fcber allen zust\u00e4ndigen Organen zu schaffen, die dies erfordern, einschlie\u00dflich der Erstellung, Einreichung und Bearbeitung der obligatorischen steuerlichen, buchhalterischen und arbeitsrechtlichen Verfahren zur Optimierung und Senkung der Steuerlast.<\/p>\t\t\t\t\t\t\t\t<\/div>\n\t\t\t\t<\/div>\n\t\t\t\t\t<\/div>\n\t\t<\/div>\n\t\t\t\t\t<\/div>\n\t\t<\/section>\n\t\t\t\t<\/div>\n\t\t","protected":false},"excerpt":{"rendered":"<p>\u00dcber Zythos Business Zythos Business Zythos Business Unternehmensgruppe, zugeh\u00f6rig zu einer Gruppe von Unternehmen, die sich ausschlie\u00dflich der Gesch\u00e4ftswelt widmen. Als UMFASSENDE BERATUNG ist unsere Aufgabe die F\u00fchrung, Planung und Betreuung des Unternehmens von seiner Gr\u00fcndung an, um eine rechtliche und kaufm\u00e4nnische Struktur gegen\u00fcber allen zust\u00e4ndigen Organen zu schaffen, die dies erfordern, einschlie\u00dflich der Erstellung, [&hellip;]<\/p>\n","protected":false},"author":1,"featured_media":0,"parent":0,"menu_order":20,"comment_status":"closed","ping_status":"closed","template":"elementor_theme","meta":{"footnotes":""},"class_list":["post-13064","page","type-page","status-publish"],"_links":{"self":[{"href":"https:\/\/zythos.es\/de\/wp-json\/wp\/v2\/pages\/13064","targetHints":{"allow":["GET"]}}],"collection":[{"href":"https:\/\/zythos.es\/de\/wp-json\/wp\/v2\/pages"}],"about":[{"href":"https:\/\/zythos.es\/de\/wp-json\/wp\/v2\/types\/page"}],"author":[{"embeddable":true,"href":"https:\/\/zythos.es\/de\/wp-json\/wp\/v2\/users\/1"}],"replies":[{"embeddable":true,"href":"https:\/\/zythos.es\/de\/wp-json\/wp\/v2\/comments?post=13064"}],"version-history":[{"count":0,"href":"https:\/\/zythos.es\/de\/wp-json\/wp\/v2\/pages\/13064\/revisions"}],"wp:attachment":[{"href":"https:\/\/zythos.es\/de\/wp-json\/wp\/v2\/media?parent=13064"}],"curies":[{"name":"wp","href":"https:\/\/api.w.org\/{rel}","templated":true}]}}